{"id":19,"date":"2022-10-28T22:26:50","date_gmt":"2022-10-28T22:26:50","guid":{"rendered":"https:\/\/cb4u.com.mx\/?page_id=19"},"modified":"2025-05-26T10:06:34","modified_gmt":"2025-05-26T16:06:34","slug":"inicio","status":"publish","type":"page","link":"https:\/\/cb4u.com.mx\/eng\/","title":{"rendered":"Home"},"content":{"rendered":"<div data-elementor-type=\"wp-page\" data-elementor-id=\"19\" class=\"elementor elementor-19\" data-elementor-post-type=\"page\">\n\t\t\t\t\t\t<section data-particle_enable=\"false\" data-particle-mobile-disabled=\"false\" class=\"elementor-section elementor-top-section elementor-element elementor-element-c717739 elementor-section-height-min-height elementor-section-boxed elementor-section-height-default elementor-section-items-middle\" data-id=\"c717739\" data-element_type=\"section\" data-e-type=\"section\" data-settings=\"{&quot;background_background&quot;:&quot;video&quot;,&quot;background_video_link&quot;:&quot;https:\\\/\\\/cb4u.com.mx\\\/wp-content\\\/uploads\\\/2023\\\/04\\\/Cb4u-Compressed1.mp4&quot;,&quot;background_play_on_mobile&quot;:&quot;yes&quot;}\">\n\t\t\t\t\t\t\t\t<div class=\"elementor-background-video-container\">\n\t\t\t\t\t\t\t\t\t\t\t\t\t<video class=\"elementor-background-video-hosted\" role=\"presentation\" autoplay muted playsinline loop><\/video>\n\t\t\t\t\t\t\t\t\t\t\t<\/div>\n\t\t\t\t\t\t\t\t<div class=\"elementor-container elementor-column-gap-default\">\n\t\t\t\t\t<div class=\"elementor-column elementor-col-100 elementor-top-column elementor-element elementor-element-d06666e\" data-id=\"d06666e\" data-element_type=\"column\" data-e-type=\"column\">\n\t\t\t<div class=\"elementor-widget-wrap elementor-element-populated\">\n\t\t\t\t\t\t<div class=\"elementor-element elementor-element-357d59a elementor-widget elementor-widget-spacer\" data-id=\"357d59a\" data-element_type=\"widget\" data-e-type=\"widget\" data-widget_type=\"spacer.default\">\n\t\t\t\t<div class=\"elementor-widget-container\">\n\t\t\t\t\t\t\t<div class=\"elementor-spacer\">\n\t\t\t<div class=\"elementor-spacer-inner\"><\/div>\n\t\t<\/div>\n\t\t\t\t\t\t<\/div>\n\t\t\t\t<\/div>\n\t\t\t\t\t<\/div>\n\t\t<\/div>\n\t\t\t\t\t<\/div>\n\t\t<\/section>\n\t\t\t\t<section data-particle_enable=\"false\" data-particle-mobile-disabled=\"false\" class=\"elementor-section elementor-top-section elementor-element elementor-element-0dd62a7 elementor-section-boxed elementor-section-height-default elementor-section-height-default\" data-id=\"0dd62a7\" data-element_type=\"section\" data-e-type=\"section\" data-settings=\"{&quot;background_background&quot;:&quot;gradient&quot;}\">\n\t\t\t\t\t\t<div class=\"elementor-container elementor-column-gap-default\">\n\t\t\t\t\t<div class=\"elementor-column elementor-col-100 elementor-top-column elementor-element elementor-element-466bf09\" data-id=\"466bf09\" data-element_type=\"column\" data-e-type=\"column\">\n\t\t\t<div class=\"elementor-widget-wrap elementor-element-populated\">\n\t\t\t\t\t\t<div data-dce-text-color=\"#7C8995\" class=\"elementor-element elementor-element-9929eb0 elementor-widget elementor-widget-text-editor\" data-id=\"9929eb0\" data-element_type=\"widget\" data-e-type=\"widget\" data-widget_type=\"text-editor.default\">\n\t\t\t\t<div class=\"elementor-widget-container\">\n\t\t\t\t\t\t\t\t\t<p>SOMOS EXPERTOS EN PROYECTOS DE CARPINTER\u00cdA Y MOBILIARIO A LA MEDIDA, HACIENDO POR TI Y DE LA MANERA M\u00c1S SIMPLE TODO:<\/p><p>DISE\u00d1O, FABRICACI\u00d3N, PRODUCCI\u00d3N E INSTALACI\u00d3N. CONTAMOS CON UNA F\u00c1BRICA DE M\u00c1S DE 3000 M2 DONDE NUESTRO EQUIPO CONFORMADO POR 140 INTEGRANTES CONVERTIR\u00c1 TU PROYECTO EN UN \u00c9XITO ROTUNDO YA QUE DE MANERA INTEGRAL SOLUCIONAREMOS CUALQUIER NECESIDAD QUE TENGAS EN CARPINTER\u00cdA RESIDENCIAL,<\/p><p>CARPINTER\u00cdA DE OBRA, HERRER\u00cdA, LAQUEADO, DECORACI\u00d3N, INTERIORISMO Y TAPICER\u00cdA. ENTREGAMOS EN TIEMPO Y FORMA MOBILIARIO, SE\u00d1AL\u00c9TICA, PLAFONES Y CARPINTER\u00cdA DE CUALQUIER TIPO EN HOTELES, RESTAURANTES, HOSPITALES, ESCUELAS, RESIDENCIAS, RETAIL Y OFICINAS.<\/p><p>CONT\u00c1CTANOS Y UN EXPERTO TE GUIAR\u00c1 PASO A PASO EN EL CAMINO PARA MATERIALIZAR TUS IDEAS.<\/p>\t\t\t\t\t\t\t\t<\/div>\n\t\t\t\t<\/div>\n\t\t\t\t\t<\/div>\n\t\t<\/div>\n\t\t\t\t\t<\/div>\n\t\t<\/section>\n\t\t\t\t<section data-particle_enable=\"false\" data-particle-mobile-disabled=\"false\" class=\"elementor-section elementor-top-section elementor-element elementor-element-9e9cc02 elementor-section-boxed elementor-section-height-default elementor-section-height-default\" data-id=\"9e9cc02\" data-element_type=\"section\" data-e-type=\"section\">\n\t\t\t\t\t\t<div class=\"elementor-container elementor-column-gap-default\">\n\t\t\t\t\t<div class=\"elementor-column elementor-col-33 elementor-top-column elementor-element elementor-element-2dd141a\" data-id=\"2dd141a\" data-element_type=\"column\" data-e-type=\"column\">\n\t\t\t<div class=\"elementor-widget-wrap elementor-element-populated\">\n\t\t\t\t\t\t<div class=\"elementor-element elementor-element-717c5e4 dce_masking-none elementor-widget elementor-widget-image\" data-id=\"717c5e4\" data-element_type=\"widget\" data-e-type=\"widget\" data-widget_type=\"image.default\">\n\t\t\t\t<div class=\"elementor-widget-container\">\n\t\t\t\t\t\t\t\t\t\t\t\t\t\t\t<img decoding=\"async\" src=\"https:\/\/cb4u.com.mx\/wp-content\/uploads\/elementor\/thumbs\/ICONO-1-1-qf0s1aqn6pgx6qmvfucxoe2dockkzk1pmr3smaiccw.jpg\" title=\"ICONO-1\" alt=\"ICONO-1\" loading=\"lazy\" \/>\t\t\t\t\t\t\t\t\t\t\t\t\t\t\t<\/div>\n\t\t\t\t<\/div>\n\t\t\t\t<div data-dce-title-color=\"#97A3AE\" class=\"elementor-element elementor-element-40b99fc elementor-widget elementor-widget-counter\" data-id=\"40b99fc\" data-element_type=\"widget\" data-e-type=\"widget\" data-widget_type=\"counter.default\">\n\t\t\t\t<div class=\"elementor-widget-container\">\n\t\t\t\t\t\t\t<div class=\"elementor-counter\">\n\t\t\t\t\t\t<div class=\"elementor-counter-number-wrapper\">\n\t\t\t\t<span class=\"elementor-counter-number-prefix\"><\/span>\n\t\t\t\t<span class=\"elementor-counter-number\" data-duration=\"4500\" data-to-value=\"96560\" data-from-value=\"0\" data-delimiter=\",\">0<\/span>\n\t\t\t\t<span class=\"elementor-counter-number-suffix\"><\/span>\n\t\t\t<\/div>\n\t\t<\/div>\n\t\t\t\t\t\t<\/div>\n\t\t\t\t<\/div>\n\t\t\t\t<div data-dce-title-color=\"#97A3AE\" class=\"elementor-element elementor-element-3b05d5c elementor-widget elementor-widget-heading\" data-id=\"3b05d5c\" data-element_type=\"widget\" data-e-type=\"widget\" data-widget_type=\"heading.default\">\n\t\t\t\t<div class=\"elementor-widget-container\">\n\t\t\t\t\t<h2 class=\"elementor-heading-title elementor-size-default\">Boards<br>used<\/h2>\t\t\t\t<\/div>\n\t\t\t\t<\/div>\n\t\t\t\t<div data-dce-title-color=\"#7C8995\" class=\"elementor-element elementor-element-629802b elementor-widget__width-inherit elementor-widget elementor-widget-heading\" data-id=\"629802b\" data-element_type=\"widget\" data-e-type=\"widget\" data-widget_type=\"heading.default\">\n\t\t\t\t<div class=\"elementor-widget-container\">\n\t\t\t\t\t<h1 class=\"elementor-heading-title elementor-size-default\">284 veces la torre<br>tower in the world,<br>Burj Khalifa.<\/h1>\t\t\t\t<\/div>\n\t\t\t\t<\/div>\n\t\t\t\t\t<\/div>\n\t\t<\/div>\n\t\t\t\t<div class=\"elementor-column elementor-col-33 elementor-top-column elementor-element elementor-element-48a5c0c\" data-id=\"48a5c0c\" data-element_type=\"column\" data-e-type=\"column\">\n\t\t\t<div class=\"elementor-widget-wrap elementor-element-populated\">\n\t\t\t\t\t\t<div class=\"elementor-element elementor-element-d9e1f5a dce_masking-none elementor-widget elementor-widget-image\" data-id=\"d9e1f5a\" data-element_type=\"widget\" data-e-type=\"widget\" data-widget_type=\"image.default\">\n\t\t\t\t<div class=\"elementor-widget-container\">\n\t\t\t\t\t\t\t\t\t\t\t\t\t\t\t<img decoding=\"async\" src=\"https:\/\/cb4u.com.mx\/wp-content\/uploads\/elementor\/thumbs\/ICONO-2-1-qf0s1djznxmm3jq3wt8yth4y9t4jbvab864eb401oo.jpg\" title=\"ICONO-2\" alt=\"ICONO-2\" loading=\"lazy\" \/>\t\t\t\t\t\t\t\t\t\t\t\t\t\t\t<\/div>\n\t\t\t\t<\/div>\n\t\t\t\t<div data-dce-title-color=\"#97A3AE\" class=\"elementor-element elementor-element-2b3678b elementor-widget elementor-widget-counter\" data-id=\"2b3678b\" data-element_type=\"widget\" data-e-type=\"widget\" data-widget_type=\"counter.default\">\n\t\t\t\t<div class=\"elementor-widget-container\">\n\t\t\t\t\t\t\t<div class=\"elementor-counter\">\n\t\t\t\t\t\t<div class=\"elementor-counter-number-wrapper\">\n\t\t\t\t<span class=\"elementor-counter-number-prefix\"><\/span>\n\t\t\t\t<span class=\"elementor-counter-number\" data-duration=\"4500\" data-to-value=\"3296448\" data-from-value=\"0\" data-delimiter=\",\">0<\/span>\n\t\t\t\t<span class=\"elementor-counter-number-suffix\"><\/span>\n\t\t\t<\/div>\n\t\t<\/div>\n\t\t\t\t\t\t<\/div>\n\t\t\t\t<\/div>\n\t\t\t\t<div data-dce-title-color=\"#97A3AE\" class=\"elementor-element elementor-element-a1da2fc elementor-widget elementor-widget-heading\" data-id=\"a1da2fc\" data-element_type=\"widget\" data-e-type=\"widget\" data-widget_type=\"heading.default\">\n\t\t\t\t<div class=\"elementor-widget-container\">\n\t\t\t\t\t<h2 class=\"elementor-heading-title elementor-size-default\">Productive work hours<br>productivas <\/h2>\t\t\t\t<\/div>\n\t\t\t\t<\/div>\n\t\t\t\t<div data-dce-title-color=\"#7C8995\" class=\"elementor-element elementor-element-6124613 elementor-widget__width-inherit elementor-widget elementor-widget-heading\" data-id=\"6124613\" data-element_type=\"widget\" data-e-type=\"widget\" data-widget_type=\"heading.default\">\n\t\t\t\t<div class=\"elementor-widget-container\">\n\t\t\t\t\t<h2 class=\"elementor-heading-title elementor-size-default\">177 times the time <br>it took to build <br>the Eiffel Tower.<\/h2>\t\t\t\t<\/div>\n\t\t\t\t<\/div>\n\t\t\t\t\t<\/div>\n\t\t<\/div>\n\t\t\t\t<div class=\"elementor-column elementor-col-33 elementor-top-column elementor-element elementor-element-4813adf\" data-id=\"4813adf\" data-element_type=\"column\" data-e-type=\"column\">\n\t\t\t<div class=\"elementor-widget-wrap elementor-element-populated\">\n\t\t\t\t\t\t<div class=\"elementor-element elementor-element-4288986 dce_masking-none elementor-widget elementor-widget-image\" data-id=\"4288986\" data-element_type=\"widget\" data-e-type=\"widget\" data-widget_type=\"image.default\">\n\t\t\t\t<div class=\"elementor-widget-container\">\n\t\t\t\t\t\t\t\t\t\t\t\t\t\t\t<img decoding=\"async\" src=\"https:\/\/cb4u.com.mx\/wp-content\/uploads\/elementor\/thumbs\/ICONO-3-1-qdvnprvxxnfxr6r0fq2s1xcalqnchwbjz8arjpznuw.jpg\" title=\"ICONO-3\" alt=\"ICONO-3\" loading=\"lazy\" \/>\t\t\t\t\t\t\t\t\t\t\t\t\t\t\t<\/div>\n\t\t\t\t<\/div>\n\t\t\t\t<div data-dce-title-color=\"#97A3AE\" class=\"elementor-element elementor-element-328ee21 elementor-widget elementor-widget-counter\" data-id=\"328ee21\" data-element_type=\"widget\" data-e-type=\"widget\" data-widget_type=\"counter.default\">\n\t\t\t\t<div class=\"elementor-widget-container\">\n\t\t\t\t\t\t\t<div class=\"elementor-counter\">\n\t\t\t\t\t\t<div class=\"elementor-counter-number-wrapper\">\n\t\t\t\t<span class=\"elementor-counter-number-prefix\"><\/span>\n\t\t\t\t<span class=\"elementor-counter-number\" data-duration=\"4500\" data-to-value=\"32400\" data-from-value=\"0\" data-delimiter=\",\">0<\/span>\n\t\t\t\t<span class=\"elementor-counter-number-suffix\"><\/span>\n\t\t\t<\/div>\n\t\t<\/div>\n\t\t\t\t\t\t<\/div>\n\t\t\t\t<\/div>\n\t\t\t\t<div data-dce-title-color=\"#97A3AE\" class=\"elementor-element elementor-element-314201f elementor-widget elementor-widget-heading\" data-id=\"314201f\" data-element_type=\"widget\" data-e-type=\"widget\" data-widget_type=\"heading.default\">\n\t\t\t\t<div class=\"elementor-widget-container\">\n\t\t\t\t\t<h2 class=\"elementor-heading-title elementor-size-default\">Design<br>hours<\/h2>\t\t\t\t<\/div>\n\t\t\t\t<\/div>\n\t\t\t\t<div data-dce-title-color=\"#7C8995\" class=\"elementor-element elementor-element-7d4d759 elementor-widget__width-inherit elementor-widget elementor-widget-heading\" data-id=\"7d4d759\" data-element_type=\"widget\" data-e-type=\"widget\" data-widget_type=\"heading.default\">\n\t\t\t\t<div class=\"elementor-widget-container\">\n\t\t\t\t\t<h2 class=\"elementor-heading-title elementor-size-default\">395 veces el tiempo<br>race time of the<br>Tour de France.<\/h2>\t\t\t\t<\/div>\n\t\t\t\t<\/div>\n\t\t\t\t\t<\/div>\n\t\t<\/div>\n\t\t\t\t\t<\/div>\n\t\t<\/section>\n\t\t\t\t<\/div>","protected":false},"excerpt":{"rendered":"<p>SOMOS EXPERTOS EN PROYECTOS DE CARPINTER\u00cdA Y MOBILIARIO A LA MEDIDA, HACIENDO POR TI Y DE LA MANERA M\u00c1S SIMPLE TODO: DISE\u00d1O, FABRICACI\u00d3N, PRODUCCI\u00d3N E INSTALACI\u00d3N. CONTAMOS CON UNA F\u00c1BRICA DE M\u00c1S DE 3000 M2 DONDE NUESTRO EQUIPO CONFORMADO POR 140 INTEGRANTES CONVERTIR\u00c1 TU PROYECTO EN UN \u00c9XITO ROTUNDO YA QUE DE MANERA INTEGRAL SOLUCIONAREMOS [&hellip;]<\/p>\n","protected":false},"author":1,"featured_media":0,"parent":0,"menu_order":0,"comment_status":"closed","ping_status":"closed","template":"elementor_header_footer","meta":{"_acf_changed":false,"_monsterinsights_skip_tracking":false,"_monsterinsights_sitenote_active":false,"_monsterinsights_sitenote_note":"","_monsterinsights_sitenote_category":0,"_uf_show_specific_survey":0,"_uf_disable_surveys":false,"footnotes":""},"class_list":["post-19","page","type-page","status-publish","hentry"],"acf":[],"_links":{"self":[{"href":"https:\/\/cb4u.com.mx\/eng\/wp-json\/wp\/v2\/pages\/19","targetHints":{"allow":["GET"]}}],"collection":[{"href":"https:\/\/cb4u.com.mx\/eng\/wp-json\/wp\/v2\/pages"}],"about":[{"href":"https:\/\/cb4u.com.mx\/eng\/wp-json\/wp\/v2\/types\/page"}],"author":[{"embeddable":true,"href":"https:\/\/cb4u.com.mx\/eng\/wp-json\/wp\/v2\/users\/1"}],"replies":[{"embeddable":true,"href":"https:\/\/cb4u.com.mx\/eng\/wp-json\/wp\/v2\/comments?post=19"}],"version-history":[{"count":3,"href":"https:\/\/cb4u.com.mx\/eng\/wp-json\/wp\/v2\/pages\/19\/revisions"}],"predecessor-version":[{"id":7849,"href":"https:\/\/cb4u.com.mx\/eng\/wp-json\/wp\/v2\/pages\/19\/revisions\/7849"}],"wp:attachment":[{"href":"https:\/\/cb4u.com.mx\/eng\/wp-json\/wp\/v2\/media?parent=19"}],"curies":[{"name":"wp","href":"https:\/\/api.w.org\/{rel}","templated":true}]}}