{"id":3,"date":"2022-10-28T19:00:09","date_gmt":"2022-10-29T00:00:09","guid":{"rendered":"https:\/\/cb4u.com.mx\/?page_id=3"},"modified":"2023-05-10T10:34:18","modified_gmt":"2023-05-10T15:34:18","slug":"aviso-de-privacidad","status":"publish","type":"page","link":"https:\/\/cb4u.com.mx\/eng\/aviso-de-privacidad\/","title":{"rendered":"Aviso de Privacidad"},"content":{"rendered":"<div data-elementor-type=\"wp-page\" data-elementor-id=\"3\" class=\"elementor elementor-3\" data-elementor-post-type=\"page\">\n\t\t\t\t\t\t<section data-particle_enable=\"false\" data-particle-mobile-disabled=\"false\" class=\"elementor-section elementor-top-section elementor-element elementor-element-42fd2537 elementor-section-boxed elementor-section-height-default elementor-section-height-default\" data-id=\"42fd2537\" data-element_type=\"section\" data-e-type=\"section\">\n\t\t\t\t\t\t<div class=\"elementor-container elementor-column-gap-default\">\n\t\t\t\t\t<div class=\"elementor-column elementor-col-100 elementor-top-column elementor-element elementor-element-73b81bcf\" data-id=\"73b81bcf\" data-element_type=\"column\" data-e-type=\"column\">\n\t\t\t<div class=\"elementor-widget-wrap elementor-element-populated\">\n\t\t\t\t\t\t<div class=\"elementor-element elementor-element-314d9e52 elementor-widget elementor-widget-text-editor\" data-id=\"314d9e52\" data-element_type=\"widget\" data-e-type=\"widget\" data-widget_type=\"text-editor.default\">\n\t\t\t\t<div class=\"elementor-widget-container\">\n\t\t\t\t\t\t\t\t\t<p><\/p>\n<h2 class=\"wp-block-heading\">TERMS AND CONDITIONS<\/h2>\n<p><\/p>\t\t\t\t\t\t\t\t<\/div>\n\t\t\t\t<\/div>\n\t\t\t\t<div class=\"elementor-element elementor-element-a996b33 elementor-widget elementor-widget-text-editor\" data-id=\"a996b33\" data-element_type=\"widget\" data-e-type=\"widget\" data-widget_type=\"text-editor.default\">\n\t\t\t\t<div class=\"elementor-widget-container\">\n\t\t\t\t\t\t\t\t\t<p><\/p>\n<p><b>Al<\/b><strong style=\"color: var( --e-global-color-9b5a350 ); word-spacing: var( --e-global-typography-text-word-spacing ); font-size: 1rem;\"> By using this site, the user agrees to all the terms and conditions of use of the portal.&nbsp;<\/strong><\/p>\n<p><strong style=\"color: var( --e-global-color-9b5a350 ); word-spacing: var( --e-global-typography-text-word-spacing ); font-size: 1rem;\">Implicit Agreements.&nbsp;<\/strong><span style=\"color: var( --e-global-color-9b5a350 ); font-family: inherit; font-size: 1rem; word-spacing: var( --e-global-typography-text-word-spacing );\">By using this site you agree to all of the terms and conditions of use described below and the site's privacy policy. In the case of infringement of any of them, the user agrees to submit to the applicable laws.<\/span><\/p>\n<p><strong>Applicable laws.<\/strong>&nbsp;By using the site or any of the services from anywhere in the world, the user agrees to submit to the applicable law in the state of Guadalajara, Jalisco and attend any lawsuit within it.<\/p>\n<p><strong>Acceptance of terms.<\/strong>&nbsp;Use of this site implies acceptance of all terms and conditions mentioned on this site. It also includes acceptance of the privacy policies established on this site.&nbsp;<\/p>\n<p><b>CB4U Policies,<\/b>&nbsp;<span style=\"word-spacing: 1.6px; color: var( --e-global-color-9b5a350 ); font-size: 1rem;\">CB4U<\/span><span style=\"font-weight: bolder; word-spacing: 1.6px; color: var( --e-global-color-9b5a350 ); font-size: 1rem;\">&nbsp;<\/span><span style=\"color: var( --e-global-color-9b5a350 ); word-spacing: var( --e-global-typography-text-word-spacing ); font-size: 1rem;\">gives your consent, according to the FEDERAL LAW ON THE PROTECTION OF PERSONAL DATA HELD BY PARTICULAR PARTIES, that all the personal data that it handles from its users is used in order to provide you with a better service, full communication and a differentiated service and use experience. The data collected is used to give you a better service. They will not be sold to third parties for any reason. You have the right to use your personal data. In case you wish to limit or modify the use of your information, please do so through our contact form with the following information: Owner information and request. In the event of additional data transfers to those required for the operation of the company and to provide better customer service, the owner will be notified of the form, quantity and detail of the data that is necessary. It reserves the right to change, modify or supplement this notice at any time. In this case, the modification will be made known to you through any of the means established by law.<\/span><\/p>\n<p><strong>Intellectual property and copyright.<\/strong>&nbsp;All content on this site is copyrighted to the site. Intellectual property and copyrights ancillary and external to the site have licenses and rights of use. By using this site and participating in the development of information, data or content thereof, the user accepts a non-exclusive assignment of copyright of the content provided. So the site will use such content to enrich the experience of more users. No user may upload, paste or add information to the site if they do not have explicit permission for use by the corresponding owner. The site is not responsible for any information added illegally by third parties. This responsibility falls solely on the author of said action. If you want to report an intellectual property infringement contact the site administrator to take appropriate action.<\/p>\n<p><strong>Use of services and content<\/strong>&nbsp;By using this site you agree to all the terms and conditions of use described in this document and the privacy policies of the site.<\/p>\n<p><strong>Conduct.<\/strong>&nbsp;Any person who presents suspicious, harmful and fraudulent conduct will be reported to the authorities for a legal process according to the applicable legislation. The unlawful collection of data or information on this site or any of its users is prohibited. Reproduction of any information or content on this site is strictly prohibited without proper permissions and proper bibliographies. Access to information or material without prior consent from the site will be considered theft of intellectual property and\/or personal data. Said action is prosecuted by the applicable legislation.<\/p>\n<p><strong>Dispute resolution.<\/strong>&nbsp;Dispute resolution will be carried out strictly under the jurisdiction of the state.<\/p>\n<p><strong>Uso de cookies:<\/strong>&nbsp;Cookies are small text files that are stored on your computer to complement the experience of using web portals. This web portal uses cookies for customer satisfaction, marketing and security log purposes. If you wish to disable the use of cookies, you can do so directly through your web browser's preferences. &nbsp;<\/p>\n<p><\/p>\t\t\t\t\t\t\t\t<\/div>\n\t\t\t\t<\/div>\n\t\t\t\t\t<\/div>\n\t\t<\/div>\n\t\t\t\t\t<\/div>\n\t\t<\/section>\n\t\t\t\t<\/div>","protected":false},"excerpt":{"rendered":"<p>T\u00c9RMINOS Y CONDICIONES Al hacer uso de este sitio el usuario est\u00e1 de acuerdo con todos los t\u00e9rminos y condiciones de uso del portal.&nbsp; Acuerdos impl\u00edcitos.&nbsp;Al utilizar este sitio usted est\u00e1 de acuerdo con todos los t\u00e9rminos y condiciones de uso descritos a continuaci\u00f3n y las pol\u00edticas de privacidad del sitio. En el caso de [&hellip;]<\/p>\n","protected":false},"author":1,"featured_media":0,"parent":0,"menu_order":0,"comment_status":"closed","ping_status":"closed","template":"elementor_header_footer","meta":{"_acf_changed":false,"_monsterinsights_skip_tracking":false,"_monsterinsights_sitenote_active":false,"_monsterinsights_sitenote_note":"","_monsterinsights_sitenote_category":0,"_uf_show_specific_survey":0,"_uf_disable_surveys":false,"footnotes":""},"class_list":["post-3","page","type-page","status-publish","hentry"],"acf":[],"_links":{"self":[{"href":"https:\/\/cb4u.com.mx\/eng\/wp-json\/wp\/v2\/pages\/3","targetHints":{"allow":["GET"]}}],"collection":[{"href":"https:\/\/cb4u.com.mx\/eng\/wp-json\/wp\/v2\/pages"}],"about":[{"href":"https:\/\/cb4u.com.mx\/eng\/wp-json\/wp\/v2\/types\/page"}],"author":[{"embeddable":true,"href":"https:\/\/cb4u.com.mx\/eng\/wp-json\/wp\/v2\/users\/1"}],"replies":[{"embeddable":true,"href":"https:\/\/cb4u.com.mx\/eng\/wp-json\/wp\/v2\/comments?post=3"}],"version-history":[{"count":0,"href":"https:\/\/cb4u.com.mx\/eng\/wp-json\/wp\/v2\/pages\/3\/revisions"}],"wp:attachment":[{"href":"https:\/\/cb4u.com.mx\/eng\/wp-json\/wp\/v2\/media?parent=3"}],"curies":[{"name":"wp","href":"https:\/\/api.w.org\/{rel}","templated":true}]}}